{"id":19,"date":"2024-02-14T12:31:22","date_gmt":"2024-02-14T11:31:22","guid":{"rendered":"https:\/\/gromacki.pl\/?page_id=19"},"modified":"2024-03-16T10:53:21","modified_gmt":"2024-03-16T09:53:21","slug":"o-artyscie","status":"publish","type":"page","link":"https:\/\/gromacki.pl\/en\/o-artyscie\/","title":{"rendered":"About"},"content":{"rendered":"<section id=\"section-2-19\" class=\"ct-section\" ><div class=\"ct-section-inner-wrap\"><h2 id=\"headline-3-19\" class=\"ct-headline mgn-btm-25\">Nota biograficzna<br><\/h2><div id=\"text_block-4-19\" class=\"ct-text-block mgn-btm-25\" >Born in 1981 in Hajn\u00f3wka. Graduated from the Faculty of Arts and Humanities at the UMSC in Lublin and from the Lublin School of Art and Design, majoring in Painting and Gilding Techniques. He participates in numerous exhibitions and plein-air painting events. He is engaged in creative and pedagogical work. Daniel Gromacki's greatest painting fascination is landscape, especially Podlasie landscape.\n\nTranslated with DeepL.com (free version) <br><br>In his paintings you can feel the breath of the Primeval Forest, experience the space of fields and meadows and marvel at the wooden architecture of the Podlasie countryside. The greatest asset of the artist's paintings is the subtle, very sensitive choice of colors that create an astonishing world seen through the eyes of the colorist.<\/div><div id=\"div_block-5-19\" class=\"ct-div-block\" ><a id=\"link-21-19\" class=\"ct-link\" href=\"https:\/\/www.radio.bialystok.pl\/podrozepokulturze\/index\/id\/210275\" target=\"_blank\"  ><img decoding=\"async\"  id=\"image-22-19\" alt=\"https:\/\/www.radio.bialystok.pl\/podrozepokulturze\/index\/id\/210275\" src=\"https:\/\/gromacki.pl\/wp-content\/uploads\/2024\/02\/radio.jpg\" class=\"ct-image bio-img\" srcset-disabled=\"https:\/\/gromacki.pl\/wp-content\/uploads\/2024\/02\/radio.jpg 1920w, https:\/\/gromacki.pl\/wp-content\/uploads\/2024\/02\/radio-300x169.jpg 300w, https:\/\/gromacki.pl\/wp-content\/uploads\/2024\/02\/radio-1024x576.jpg 1024w, https:\/\/gromacki.pl\/wp-content\/uploads\/2024\/02\/radio-768x432.jpg 768w, https:\/\/gromacki.pl\/wp-content\/uploads\/2024\/02\/radio-1536x864.jpg 1536w, https:\/\/gromacki.pl\/wp-content\/uploads\/2024\/02\/radio-500x281.jpg 500w, https:\/\/gromacki.pl\/wp-content\/uploads\/2024\/02\/radio-800x450.jpg 800w, https:\/\/gromacki.pl\/wp-content\/uploads\/2024\/02\/radio-1280x720.jpg 1280w\" sizes=\"(max-width: 1920px) 100vw, 1920px\" \/><div id=\"text_block-23-19\" class=\"ct-text-block bio-subt\" >\u017ar\u00f3d\u0142o: Radio Bia\u0142ystok, foto: Adam Janczewski<br><\/div><h3 id=\"headline-24-19\" class=\"ct-headline mgn-btm-25\">Cultural voyages (in Polish)<br><\/h3><div id=\"div_block-29-19\" class=\"ct-div-block mgn-btm-25\" ><div id=\"text_block-32-19\" class=\"ct-text-block button-omnie\" >See more<br><\/div><\/div><\/a><a id=\"link-16-19\" class=\"ct-link\" href=\"https:\/\/bialystok.tvp.pl\/65653129\/farby-mojego-dziadka\" target=\"_blank\"  ><img decoding=\"async\"  id=\"image-17-19\" alt=\"\" src=\"https:\/\/gromacki.pl\/wp-content\/uploads\/2024\/02\/tvp-bialystok.jpg\" class=\"ct-image bio-img\" srcset-disabled=\"https:\/\/gromacki.pl\/wp-content\/uploads\/2024\/02\/tvp-bialystok.jpg 1920w, https:\/\/gromacki.pl\/wp-content\/uploads\/2024\/02\/tvp-bialystok-300x169.jpg 300w, https:\/\/gromacki.pl\/wp-content\/uploads\/2024\/02\/tvp-bialystok-1024x576.jpg 1024w, https:\/\/gromacki.pl\/wp-content\/uploads\/2024\/02\/tvp-bialystok-768x432.jpg 768w, https:\/\/gromacki.pl\/wp-content\/uploads\/2024\/02\/tvp-bialystok-1536x864.jpg 1536w, https:\/\/gromacki.pl\/wp-content\/uploads\/2024\/02\/tvp-bialystok-500x281.jpg 500w, https:\/\/gromacki.pl\/wp-content\/uploads\/2024\/02\/tvp-bialystok-800x450.jpg 800w, https:\/\/gromacki.pl\/wp-content\/uploads\/2024\/02\/tvp-bialystok-1280x720.jpg 1280w\" sizes=\"(max-width: 1920px) 100vw, 1920px\" \/><div id=\"text_block-18-19\" class=\"ct-text-block bio-subt\" >\u017ar\u00f3d\u0142o i foto: TVP3 Bia\u0142ystok<br><\/div><h3 id=\"headline-19-19\" class=\"ct-headline mgn-btm-25\">My grandfather's paints (in Polish)<br><\/h3><div id=\"div_block-33-19\" class=\"ct-div-block mgn-btm-25\" ><div id=\"text_block-34-19\" class=\"ct-text-block button-omnie\" >See more<br><\/div><\/div><\/a><a id=\"div_block-10-19\" class=\"ct-link\" href=\"https:\/\/wspolczesna.pl\/daniel-gromacki-pejzazysta-z-hajnowki-maluje-az-nie-zamarzna-mu-farby\/ar\/c13-18333611\" target=\"_blank\"  ><img decoding=\"async\"  id=\"image-7-19\" alt=\"\u017ar\u00f3d\u0142o: wsp\u00f3\u0142czesna.pl fot. Micha\u0142 Androsiuk\" src=\"https:\/\/gromacki.pl\/wp-content\/uploads\/2024\/02\/65d8782fa5537_o_large1.jpg\" class=\"ct-image bio-img\" srcset-disabled=\"https:\/\/gromacki.pl\/wp-content\/uploads\/2024\/02\/65d8782fa5537_o_large1.jpg 852w, https:\/\/gromacki.pl\/wp-content\/uploads\/2024\/02\/65d8782fa5537_o_large1-300x200.jpg 300w, https:\/\/gromacki.pl\/wp-content\/uploads\/2024\/02\/65d8782fa5537_o_large1-768x512.jpg 768w, https:\/\/gromacki.pl\/wp-content\/uploads\/2024\/02\/65d8782fa5537_o_large1-500x333.jpg 500w, https:\/\/gromacki.pl\/wp-content\/uploads\/2024\/02\/65d8782fa5537_o_large1-800x533.jpg 800w\" sizes=\"(max-width: 852px) 100vw, 852px\" \/><div id=\"text_block-11-19\" class=\"ct-text-block bio-subt\" >\u017ar\u00f3d\u0142o: wsp\u00f3\u0142czesna.pl fot. Micha\u0142 Androsiuk<\/div><h3 id=\"headline-6-19\" class=\"ct-headline mgn-btm-25\">Daniel Gromacki - a landscape painter from Hajn\u00f3wka. He paints until his paints don't freeze (in Polish)<\/h3><div id=\"div_block-38-19\" class=\"ct-div-block mgn-btm-25\" ><div id=\"text_block-39-19\" class=\"ct-text-block button-omnie\" >See more<br><\/div><\/div><\/a><a id=\"link-25-19\" class=\"ct-link\" href=\"https:\/\/zw.lt\/rozmaitosci\/niezwykle-pasje-niezwyklych-ludzi-daniel-gromacki-2\/\" target=\"_blank\"  ><img decoding=\"async\"  id=\"image-26-19\" alt=\"\" src=\"https:\/\/gromacki.pl\/wp-content\/uploads\/2024\/02\/hgh-5.jpg\" class=\"ct-image bio-img\" srcset-disabled=\"https:\/\/gromacki.pl\/wp-content\/uploads\/2024\/02\/hgh-5.jpg 1280w, https:\/\/gromacki.pl\/wp-content\/uploads\/2024\/02\/hgh-5-300x216.jpg 300w, https:\/\/gromacki.pl\/wp-content\/uploads\/2024\/02\/hgh-5-1024x738.jpg 1024w, https:\/\/gromacki.pl\/wp-content\/uploads\/2024\/02\/hgh-5-768x553.jpg 768w, https:\/\/gromacki.pl\/wp-content\/uploads\/2024\/02\/hgh-5-500x360.jpg 500w, https:\/\/gromacki.pl\/wp-content\/uploads\/2024\/02\/hgh-5-800x576.jpg 800w\" sizes=\"(max-width: 1280px) 100vw, 1280px\" \/><div id=\"text_block-27-19\" class=\"ct-text-block bio-subt\" >\u017ar\u00f3d\u0142o: zw.lt foto: fot. El\u017cbieta Dziuk<br><\/div><h3 id=\"headline-28-19\" class=\"ct-headline mgn-btm-25\">Unusual passions - Unusual people. Daniel Gromacki (in Polish)<br><\/h3><div id=\"div_block-42-19\" class=\"ct-div-block mgn-btm-25\" ><div id=\"text_block-43-19\" class=\"ct-text-block button-omnie\" >See more<br><\/div><\/div><\/a><\/div><\/div><\/section>","protected":false},"excerpt":{"rendered":"","protected":false},"author":1,"featured_media":0,"parent":0,"menu_order":0,"comment_status":"closed","ping_status":"closed","template":"","meta":{"_vp_format_video_url":"","_vp_image_focal_point":[],"footnotes":""},"class_list":["post-19","page","type-page","status-publish","hentry"],"yoast_head":"<!-- This site is optimized with the Yoast SEO plugin v22.3 - https:\/\/yoast.com\/wordpress\/plugins\/seo\/ -->\n<title>O Arty\u015bcie - Daniel Gromacki<\/title>\n<meta name=\"robots\" content=\"index, follow, max-snippet:-1, max-image-preview:large, max-video-preview:-1\" \/>\n<link rel=\"canonical\" href=\"https:\/\/gromacki.pl\/en\/o-artyscie\/\" \/>\n<meta property=\"og:locale\" content=\"en_US\" \/>\n<meta property=\"og:type\" content=\"article\" \/>\n<meta property=\"og:title\" content=\"O Arty\u015bcie - Daniel Gromacki\" \/>\n<meta property=\"og:url\" content=\"https:\/\/gromacki.pl\/en\/o-artyscie\/\" \/>\n<meta property=\"og:site_name\" content=\"Daniel Gromacki\" \/>\n<meta property=\"article:publisher\" content=\"https:\/\/www.facebook.com\/daniel.gromacki\" \/>\n<meta property=\"article:modified_time\" content=\"2024-03-16T09:53:21+00:00\" \/>\n<meta name=\"twitter:card\" content=\"summary_large_image\" \/>\n<script type=\"application\/ld+json\" class=\"yoast-schema-graph\">{\"@context\":\"https:\/\/schema.org\",\"@graph\":[{\"@type\":\"WebPage\",\"@id\":\"https:\/\/gromacki.pl\/o-artyscie\/\",\"url\":\"https:\/\/gromacki.pl\/o-artyscie\/\",\"name\":\"O Arty\u015bcie - Daniel Gromacki\",\"isPartOf\":{\"@id\":\"https:\/\/gromacki.pl\/#website\"},\"datePublished\":\"2024-02-14T11:31:22+00:00\",\"dateModified\":\"2024-03-16T09:53:21+00:00\",\"breadcrumb\":{\"@id\":\"https:\/\/gromacki.pl\/o-artyscie\/#breadcrumb\"},\"inLanguage\":\"en-US\",\"potentialAction\":[{\"@type\":\"ReadAction\",\"target\":[\"https:\/\/gromacki.pl\/o-artyscie\/\"]}]},{\"@type\":\"BreadcrumbList\",\"@id\":\"https:\/\/gromacki.pl\/o-artyscie\/#breadcrumb\",\"itemListElement\":[{\"@type\":\"ListItem\",\"position\":1,\"name\":\"Strona g\u0142\u00f3wna\",\"item\":\"https:\/\/gromacki.pl\/\"},{\"@type\":\"ListItem\",\"position\":2,\"name\":\"O Arty\u015bcie\"}]},{\"@type\":\"WebSite\",\"@id\":\"https:\/\/gromacki.pl\/#website\",\"url\":\"https:\/\/gromacki.pl\/\",\"name\":\"Daniel Gromacki\",\"description\":\"Oficjalna Strona Artysty\",\"publisher\":{\"@id\":\"https:\/\/gromacki.pl\/#organization\"},\"potentialAction\":[{\"@type\":\"SearchAction\",\"target\":{\"@type\":\"EntryPoint\",\"urlTemplate\":\"https:\/\/gromacki.pl\/?s={search_term_string}\"},\"query-input\":\"required name=search_term_string\"}],\"inLanguage\":\"en-US\"},{\"@type\":\"Organization\",\"@id\":\"https:\/\/gromacki.pl\/#organization\",\"name\":\"Daniel Gromacki | Oficjalna Strona Artysty\",\"url\":\"https:\/\/gromacki.pl\/\",\"logo\":{\"@type\":\"ImageObject\",\"inLanguage\":\"en-US\",\"@id\":\"https:\/\/gromacki.pl\/#\/schema\/logo\/image\/\",\"url\":\"https:\/\/gromacki.pl\/wp-content\/uploads\/2024\/02\/Puszcza-80x80-1.jpg\",\"contentUrl\":\"https:\/\/gromacki.pl\/wp-content\/uploads\/2024\/02\/Puszcza-80x80-1.jpg\",\"width\":1920,\"height\":1896,\"caption\":\"Daniel Gromacki | Oficjalna Strona Artysty\"},\"image\":{\"@id\":\"https:\/\/gromacki.pl\/#\/schema\/logo\/image\/\"},\"sameAs\":[\"https:\/\/www.facebook.com\/daniel.gromacki\",\"https:\/\/www.instagram.com\/danielgromacki\/\"]}]}<\/script>\n<!-- \/ Yoast SEO plugin. -->","yoast_head_json":{"title":"O Arty\u015bcie - Daniel Gromacki","robots":{"index":"index","follow":"follow","max-snippet":"max-snippet:-1","max-image-preview":"max-image-preview:large","max-video-preview":"max-video-preview:-1"},"canonical":"https:\/\/gromacki.pl\/en\/o-artyscie\/","og_locale":"en_US","og_type":"article","og_title":"O Arty\u015bcie - Daniel Gromacki","og_url":"https:\/\/gromacki.pl\/en\/o-artyscie\/","og_site_name":"Daniel Gromacki","article_publisher":"https:\/\/www.facebook.com\/daniel.gromacki","article_modified_time":"2024-03-16T09:53:21+00:00","twitter_card":"summary_large_image","schema":{"@context":"https:\/\/schema.org","@graph":[{"@type":"WebPage","@id":"https:\/\/gromacki.pl\/o-artyscie\/","url":"https:\/\/gromacki.pl\/o-artyscie\/","name":"O Arty\u015bcie - Daniel Gromacki","isPartOf":{"@id":"https:\/\/gromacki.pl\/#website"},"datePublished":"2024-02-14T11:31:22+00:00","dateModified":"2024-03-16T09:53:21+00:00","breadcrumb":{"@id":"https:\/\/gromacki.pl\/o-artyscie\/#breadcrumb"},"inLanguage":"en-US","potentialAction":[{"@type":"ReadAction","target":["https:\/\/gromacki.pl\/o-artyscie\/"]}]},{"@type":"BreadcrumbList","@id":"https:\/\/gromacki.pl\/o-artyscie\/#breadcrumb","itemListElement":[{"@type":"ListItem","position":1,"name":"Strona g\u0142\u00f3wna","item":"https:\/\/gromacki.pl\/"},{"@type":"ListItem","position":2,"name":"O Arty\u015bcie"}]},{"@type":"WebSite","@id":"https:\/\/gromacki.pl\/#website","url":"https:\/\/gromacki.pl\/","name":"Daniel Gromacki","description":"Oficjalna Strona Artysty","publisher":{"@id":"https:\/\/gromacki.pl\/#organization"},"potentialAction":[{"@type":"SearchAction","target":{"@type":"EntryPoint","urlTemplate":"https:\/\/gromacki.pl\/?s={search_term_string}"},"query-input":"required name=search_term_string"}],"inLanguage":"en-US"},{"@type":"Organization","@id":"https:\/\/gromacki.pl\/#organization","name":"Daniel Gromacki | Oficjalna Strona Artysty","url":"https:\/\/gromacki.pl\/","logo":{"@type":"ImageObject","inLanguage":"en-US","@id":"https:\/\/gromacki.pl\/#\/schema\/logo\/image\/","url":"https:\/\/gromacki.pl\/wp-content\/uploads\/2024\/02\/Puszcza-80x80-1.jpg","contentUrl":"https:\/\/gromacki.pl\/wp-content\/uploads\/2024\/02\/Puszcza-80x80-1.jpg","width":1920,"height":1896,"caption":"Daniel Gromacki | Oficjalna Strona Artysty"},"image":{"@id":"https:\/\/gromacki.pl\/#\/schema\/logo\/image\/"},"sameAs":["https:\/\/www.facebook.com\/daniel.gromacki","https:\/\/www.instagram.com\/danielgromacki\/"]}]}},"_links":{"self":[{"href":"https:\/\/gromacki.pl\/en\/wp-json\/wp\/v2\/pages\/19","targetHints":{"allow":["GET"]}}],"collection":[{"href":"https:\/\/gromacki.pl\/en\/wp-json\/wp\/v2\/pages"}],"about":[{"href":"https:\/\/gromacki.pl\/en\/wp-json\/wp\/v2\/types\/page"}],"author":[{"embeddable":true,"href":"https:\/\/gromacki.pl\/en\/wp-json\/wp\/v2\/users\/1"}],"replies":[{"embeddable":true,"href":"https:\/\/gromacki.pl\/en\/wp-json\/wp\/v2\/comments?post=19"}],"version-history":[{"count":2,"href":"https:\/\/gromacki.pl\/en\/wp-json\/wp\/v2\/pages\/19\/revisions"}],"predecessor-version":[{"id":339,"href":"https:\/\/gromacki.pl\/en\/wp-json\/wp\/v2\/pages\/19\/revisions\/339"}],"wp:attachment":[{"href":"https:\/\/gromacki.pl\/en\/wp-json\/wp\/v2\/media?parent=19"}],"curies":[{"name":"wp","href":"https:\/\/api.w.org\/{rel}","templated":true}]}}